{"id":783,"date":"2025-02-20T16:09:44","date_gmt":"2025-02-20T19:09:44","guid":{"rendered":"https:\/\/www.nuteds.ufc.br\/?page_id=783"},"modified":"2025-09-15T14:19:02","modified_gmt":"2025-09-15T17:19:02","slug":"em-andamento","status":"publish","type":"page","link":"https:\/\/www.nuteds.ufc.br\/index.php\/em-andamento\/","title":{"rendered":"Em Andamento"},"content":{"rendered":"\t\t<div data-elementor-type=\"wp-page\" data-elementor-id=\"783\" class=\"elementor elementor-783\">\n\t\t\t\t\t\t<section class=\"elementor-section elementor-top-section elementor-element elementor-element-bada8a8 elementor-section-boxed elementor-section-height-default elementor-section-height-default wpr-particle-no wpr-jarallax-no wpr-parallax-no wpr-sticky-section-no\" data-id=\"bada8a8\" data-element_type=\"section\">\n\t\t\t\t\t\t<div class=\"elementor-container elementor-column-gap-default\">\n\t\t\t\t\t<div class=\"elementor-column elementor-col-100 elementor-top-column elementor-element elementor-element-8f89332\" data-id=\"8f89332\" data-element_type=\"column\" data-settings=\"{&quot;background_background&quot;:&quot;classic&quot;}\">\n\t\t\t<div class=\"elementor-widget-wrap elementor-element-populated\">\n\t\t\t\t\t\t<div class=\"elementor-element elementor-element-9b6ff75 elementor-widget elementor-widget-heading\" data-id=\"9b6ff75\" data-element_type=\"widget\" data-widget_type=\"heading.default\">\n\t\t\t\t<div class=\"elementor-widget-container\">\n\t\t\t\t\t<h2 class=\"elementor-heading-title elementor-size-default\">EM ANDAMENTO<\/h2>\t\t\t\t<\/div>\n\t\t\t\t<\/div>\n\t\t\t\t<div class=\"elementor-element elementor-element-1f9cc81 elementor-widget elementor-widget-heading\" data-id=\"1f9cc81\" data-element_type=\"widget\" data-widget_type=\"heading.default\">\n\t\t\t\t<div class=\"elementor-widget-container\">\n\t\t\t\t\t<h2 class=\"elementor-heading-title elementor-size-default\">Curso EAD de Vigil\u00e2ncia das S\u00edndromes Gripais\n<\/h2>\t\t\t\t<\/div>\n\t\t\t\t<\/div>\n\t\t\t\t<div class=\"elementor-element elementor-element-2442bb4 elementor-widget elementor-widget-text-editor\" data-id=\"2442bb4\" data-element_type=\"widget\" data-widget_type=\"text-editor.default\">\n\t\t\t\t<div class=\"elementor-widget-container\">\n\t\t\t\t\t\t\t\t\t<p dir=\"ltr\">O Curso \u00e9 promovido em parceria entre o N\u00facleo de Tecnologias e Educa\u00e7\u00e3o a Dist\u00e2ncia em Sa\u00fade da Faculdade de Medicina da Universidade Federal do Cear\u00e1 (NUTEDS\/FAMED\/UFC), a Universidade Aberta do Sistema \u00danico de Sa\u00fade (UNASUS), o Minist\u00e9rio da Sa\u00fade (MS), a Rede de Programas de Treinamento em Epidemiologia e Interven\u00e7\u00f5es de Sa\u00fade P\u00fablica (TEPHINET) e o Departamento Global da Divis\u00e3o de Coronav\u00edrus e Outros V\u00edrus Respirat\u00f3rios (CORVD\/GRVB) dos Centros de Controle e Preven\u00e7\u00e3o de Doen\u00e7as dos EUA (CDC\/EUA).<\/p><p dir=\"ltr\"><strong>Objetivo<\/strong>: Atualizar os profissionais da sa\u00fade e fortalecer a vigil\u00e2ncia das s\u00edndromes gripais no pa\u00eds, com \u00eanfase na vigil\u00e2ncia sentinela.<\/p>\t\t\t\t\t\t\t\t<\/div>\n\t\t\t\t<\/div>\n\t\t\t\t<section class=\"elementor-section elementor-inner-section elementor-element elementor-element-c6f2d5f elementor-section-boxed elementor-section-height-default elementor-section-height-default wpr-particle-no wpr-jarallax-no wpr-parallax-no wpr-sticky-section-no\" data-id=\"c6f2d5f\" data-element_type=\"section\">\n\t\t\t\t\t\t<div class=\"elementor-container elementor-column-gap-default\">\n\t\t\t\t\t<div class=\"elementor-column elementor-col-25 elementor-inner-column elementor-element elementor-element-9a4a4cf\" data-id=\"9a4a4cf\" data-element_type=\"column\">\n\t\t\t<div class=\"elementor-widget-wrap elementor-element-populated\">\n\t\t\t\t\t\t<div class=\"elementor-element elementor-element-33c0cad elementor-position-top elementor-widget elementor-widget-image-box\" data-id=\"33c0cad\" data-element_type=\"widget\" data-widget_type=\"image-box.default\">\n\t\t\t\t<div class=\"elementor-widget-container\">\n\t\t\t\t\t<div class=\"elementor-image-box-wrapper\"><figure class=\"elementor-image-box-img\"><img fetchpriority=\"high\" decoding=\"async\" width=\"236\" height=\"245\" src=\"https:\/\/www.nuteds.ufc.br\/wp-content\/uploads\/2025\/02\/icon-date.png\" class=\"attachment-full size-full wp-image-770\" alt=\"\" \/><\/figure><div class=\"elementor-image-box-content\"><h3 class=\"elementor-image-box-title\">In\u00edcio<\/h3><p class=\"elementor-image-box-description\">15 de julho de 2024<\/p><\/div><\/div>\t\t\t\t<\/div>\n\t\t\t\t<\/div>\n\t\t\t\t\t<\/div>\n\t\t<\/div>\n\t\t\t\t<div class=\"elementor-column elementor-col-25 elementor-inner-column elementor-element elementor-element-e2fc5c9\" data-id=\"e2fc5c9\" data-element_type=\"column\">\n\t\t\t<div class=\"elementor-widget-wrap elementor-element-populated\">\n\t\t\t\t\t\t<div class=\"elementor-element elementor-element-5b7e3d1 elementor-position-top elementor-widget elementor-widget-image-box\" data-id=\"5b7e3d1\" data-element_type=\"widget\" data-widget_type=\"image-box.default\">\n\t\t\t\t<div class=\"elementor-widget-container\">\n\t\t\t\t\t<div class=\"elementor-image-box-wrapper\"><figure class=\"elementor-image-box-img\"><img decoding=\"async\" width=\"233\" height=\"245\" src=\"https:\/\/www.nuteds.ufc.br\/wp-content\/uploads\/2025\/02\/icon-duracao.png\" class=\"attachment-full size-full wp-image-785\" alt=\"\" \/><\/figure><div class=\"elementor-image-box-content\"><h3 class=\"elementor-image-box-title\">Dura\u00e7\u00e3o<\/h3><p class=\"elementor-image-box-description\">3 meses<\/p><\/div><\/div>\t\t\t\t<\/div>\n\t\t\t\t<\/div>\n\t\t\t\t\t<\/div>\n\t\t<\/div>\n\t\t\t\t<div class=\"elementor-column elementor-col-25 elementor-inner-column elementor-element elementor-element-b23d621\" data-id=\"b23d621\" data-element_type=\"column\">\n\t\t\t<div class=\"elementor-widget-wrap elementor-element-populated\">\n\t\t\t\t\t\t<div class=\"elementor-element elementor-element-5296876 elementor-position-top elementor-widget elementor-widget-image-box\" data-id=\"5296876\" data-element_type=\"widget\" data-widget_type=\"image-box.default\">\n\t\t\t\t<div class=\"elementor-widget-container\">\n\t\t\t\t\t<div class=\"elementor-image-box-wrapper\"><figure class=\"elementor-image-box-img\"><img decoding=\"async\" width=\"233\" height=\"245\" src=\"https:\/\/www.nuteds.ufc.br\/wp-content\/uploads\/2025\/02\/icon-vaga2.png\" class=\"attachment-full size-full wp-image-790\" alt=\"\" \/><\/figure><div class=\"elementor-image-box-content\"><h3 class=\"elementor-image-box-title\">Vagas<\/h3><p class=\"elementor-image-box-description\">2.000<\/p><\/div><\/div>\t\t\t\t<\/div>\n\t\t\t\t<\/div>\n\t\t\t\t\t<\/div>\n\t\t<\/div>\n\t\t\t\t<div class=\"elementor-column elementor-col-25 elementor-inner-column elementor-element elementor-element-6473b34\" data-id=\"6473b34\" data-element_type=\"column\">\n\t\t\t<div class=\"elementor-widget-wrap elementor-element-populated\">\n\t\t\t\t\t\t<div class=\"elementor-element elementor-element-2dced21 elementor-position-top elementor-widget elementor-widget-image-box\" data-id=\"2dced21\" data-element_type=\"widget\" data-widget_type=\"image-box.default\">\n\t\t\t\t<div class=\"elementor-widget-container\">\n\t\t\t\t\t<div class=\"elementor-image-box-wrapper\"><figure class=\"elementor-image-box-img\"><a href=\"https:\/\/www.nuteds.ufc.br\/index.php\/faq-perguntas-frequentes\/\" tabindex=\"-1\"><img loading=\"lazy\" decoding=\"async\" width=\"1080\" height=\"1080\" src=\"https:\/\/www.nuteds.ufc.br\/wp-content\/uploads\/2025\/09\/icon-FAQ-3.png\" class=\"attachment-full size-full wp-image-998\" alt=\"\" srcset=\"https:\/\/www.nuteds.ufc.br\/wp-content\/uploads\/2025\/09\/icon-FAQ-3.png 1080w, https:\/\/www.nuteds.ufc.br\/wp-content\/uploads\/2025\/09\/icon-FAQ-3-300x300.png 300w, https:\/\/www.nuteds.ufc.br\/wp-content\/uploads\/2025\/09\/icon-FAQ-3-1024x1024.png 1024w, https:\/\/www.nuteds.ufc.br\/wp-content\/uploads\/2025\/09\/icon-FAQ-3-150x150.png 150w, https:\/\/www.nuteds.ufc.br\/wp-content\/uploads\/2025\/09\/icon-FAQ-3-768x768.png 768w\" sizes=\"(max-width: 1080px) 100vw, 1080px\" \/><\/a><\/figure><div class=\"elementor-image-box-content\"><h3 class=\"elementor-image-box-title\"><a href=\"https:\/\/www.nuteds.ufc.br\/index.php\/faq-perguntas-frequentes\/\">FAQ<\/a><\/h3><p class=\"elementor-image-box-description\">Perguntas frequentes<\/p><\/div><\/div>\t\t\t\t<\/div>\n\t\t\t\t<\/div>\n\t\t\t\t\t<\/div>\n\t\t<\/div>\n\t\t\t\t\t<\/div>\n\t\t<\/section>\n\t\t\t\t\t<\/div>\n\t\t<\/div>\n\t\t\t\t\t<\/div>\n\t\t<\/section>\n\t\t\t\t<\/div>\n\t\t","protected":false},"excerpt":{"rendered":"<p>&hellip;<\/p>\n<p> <a class=\"more-link\" href=\"https:\/\/www.nuteds.ufc.br\/index.php\/em-andamento\/\">Leia mais<\/a><\/p>\n","protected":false},"author":1,"featured_media":79,"parent":0,"menu_order":0,"comment_status":"closed","ping_status":"closed","template":"","meta":{"footnotes":""},"class_list":["post-783","page","type-page","status-publish","has-post-thumbnail"],"_links":{"self":[{"href":"https:\/\/www.nuteds.ufc.br\/index.php\/wp-json\/wp\/v2\/pages\/783","targetHints":{"allow":["GET"]}}],"collection":[{"href":"https:\/\/www.nuteds.ufc.br\/index.php\/wp-json\/wp\/v2\/pages"}],"about":[{"href":"https:\/\/www.nuteds.ufc.br\/index.php\/wp-json\/wp\/v2\/types\/page"}],"author":[{"embeddable":true,"href":"https:\/\/www.nuteds.ufc.br\/index.php\/wp-json\/wp\/v2\/users\/1"}],"replies":[{"embeddable":true,"href":"https:\/\/www.nuteds.ufc.br\/index.php\/wp-json\/wp\/v2\/comments?post=783"}],"version-history":[{"count":16,"href":"https:\/\/www.nuteds.ufc.br\/index.php\/wp-json\/wp\/v2\/pages\/783\/revisions"}],"predecessor-version":[{"id":1005,"href":"https:\/\/www.nuteds.ufc.br\/index.php\/wp-json\/wp\/v2\/pages\/783\/revisions\/1005"}],"wp:featuredmedia":[{"embeddable":true,"href":"https:\/\/www.nuteds.ufc.br\/index.php\/wp-json\/wp\/v2\/media\/79"}],"wp:attachment":[{"href":"https:\/\/www.nuteds.ufc.br\/index.php\/wp-json\/wp\/v2\/media?parent=783"}],"curies":[{"name":"wp","href":"https:\/\/api.w.org\/{rel}","templated":true}]}}